{"id":2239,"date":"2021-03-13T00:04:06","date_gmt":"2021-03-13T00:04:06","guid":{"rendered":"https:\/\/egliseduplateau.fr\/nous-contacter"},"modified":"2024-12-01T08:34:01","modified_gmt":"2024-12-01T08:34:01","slug":"nous-contacter","status":"publish","type":"page","link":"https:\/\/egliseduplateau.fr\/en\/nous-contacter","title":{"rendered":"Nous contacter"},"content":{"rendered":"<p>[vc_row section_type=&#8221;fullwidth&#8221; padding_top_multiplier=&#8221;&#8221; padding_bottom_multiplier=&#8221;&#8221; columns_gap=&#8221;none&#8221;][vc_column]<div class=\"eut-element eut-slider eut-layout-1 eut-full-image\"  style=\" \">  <div class=\"eut-carousel-wrapper\"><div class=\"eut-slider-element owl-carousel eut-theme\" data-slider-speed=\"4500\" data-slider-pause=\"no\" data-slider-autoplay=\"yes\" data-slider-loop=\"yes\" data-slider-transition=\"slide\" data-slider-autoheight=\"no\" data-pagination=\"no\"><div class=\"eut-slider-item eut-hover-item eut-hover-style-none\">  <figure class=\"eut-image-hover eut-zoom-none\"><div class=\"eut-media\"><img loading=\"lazy\" decoding=\"async\" width=\"1612\" height=\"500\" src=\"https:\/\/egliseduplateau.fr\/wp-content\/uploads\/2024\/11\/banner-contacter.jpg\" class=\"attachment-fildisi-eutf-fullscreen size-fildisi-eutf-fullscreen\" alt=\"\" srcset=\"https:\/\/egliseduplateau.fr\/wp-content\/uploads\/2024\/11\/banner-contacter.jpg 1612w, https:\/\/egliseduplateau.fr\/wp-content\/uploads\/2024\/11\/banner-contacter-510x158.jpg 510w, https:\/\/egliseduplateau.fr\/wp-content\/uploads\/2024\/11\/banner-contacter-900x279.jpg 900w, https:\/\/egliseduplateau.fr\/wp-content\/uploads\/2024\/11\/banner-contacter-768x238.jpg 768w, https:\/\/egliseduplateau.fr\/wp-content\/uploads\/2024\/11\/banner-contacter-1536x476.jpg 1536w, https:\/\/egliseduplateau.fr\/wp-content\/uploads\/2024\/11\/banner-contacter-320x99.jpg 320w, https:\/\/egliseduplateau.fr\/wp-content\/uploads\/2024\/11\/banner-contacter-480x149.jpg 480w, https:\/\/egliseduplateau.fr\/wp-content\/uploads\/2024\/11\/banner-contacter-800x248.jpg 800w\" sizes=\"auto, (max-width: 1612px) 100vw, 1612px\" \/><\/div>  <\/figure><\/div>\t<\/div>  <\/div><\/div>[\/vc_column][\/vc_row][vc_row][vc_column width=&#8221;5\/12&#8243; tablet_sm_width=&#8221;1&#8243;]<h2 class=\"eut-element eut-title eut-align-left eut-h2\" style=\"\"><span><br>\n<p style=\"text-align: right;\"><strong>Contact us<\/strong><br>\n<\/span><\/h2><div class=\"eut-empty-space eut-height-2x\" style=\"\"><\/div>[\/vc_column][vc_column width=&#8221;7\/12&#8243; tablet_sm_width=&#8221;1&#8243;][vc_column_text text_style=&#8221;leader-text&#8221;]Do you want to know more about our church, do you have questions about our faith, do you want to visit us or do you want to meet a member of the pastoral team? You can fill out the form below to contact us.[\/vc_column_text]<div class=\"eut-empty-space eut-height-2x\" style=\"\"><\/div>\n<div class=\"wpcf7 no-js\" id=\"wpcf7-f2253-o1\" lang=\"fr-FR\" dir=\"ltr\" data-wpcf7-id=\"2253\">\n<div class=\"screen-reader-response\"><p role=\"status\" aria-live=\"polite\" aria-atomic=\"true\"><\/p> <ul><\/ul><\/div>\n<form action=\"\/en\/wp-json\/wp\/v2\/pages\/2239#wpcf7-f2253-o1\" method=\"post\" class=\"wpcf7-form init\" aria-label=\"Formulaire de contact\" novalidate=\"novalidate\" data-status=\"init\">\n<fieldset class=\"hidden-fields-container\"><input type=\"hidden\" name=\"_wpcf7\" value=\"2253\" \/><input type=\"hidden\" name=\"_wpcf7_version\" value=\"6.1.4\" \/><input type=\"hidden\" name=\"_wpcf7_locale\" value=\"fr_FR\" \/><input type=\"hidden\" name=\"_wpcf7_unit_tag\" value=\"wpcf7-f2253-o1\" \/><input type=\"hidden\" name=\"_wpcf7_container_post\" value=\"0\" \/><input type=\"hidden\" name=\"_wpcf7_posted_data_hash\" value=\"\" \/>\n<\/fieldset>\n<p><label>Last name and first name*<br \/>\n<span class=\"wpcf7-form-control-wrap\" data-name=\"your-name\"><input size=\"40\" maxlength=\"400\" class=\"wpcf7-form-control wpcf7-text wpcf7-validates-as-required\" aria-required=\"true\" aria-invalid=\"false\" value=\"\" type=\"text\" name=\"your-name\" \/><\/span> <\/label>\n<\/p>\n<p><label>Phone number<br \/>\n<span class=\"wpcf7-form-control-wrap\" data-name=\"tel-507\"><input size=\"40\" maxlength=\"400\" class=\"wpcf7-form-control wpcf7-tel wpcf7-text wpcf7-validates-as-tel\" aria-invalid=\"false\" value=\"\" type=\"tel\" name=\"tel-507\" \/><\/span> <\/label>\n<\/p>\n<p><label> Email*<br \/>\n<span class=\"wpcf7-form-control-wrap\" data-name=\"your-email\"><input size=\"40\" maxlength=\"400\" class=\"wpcf7-form-control wpcf7-email wpcf7-validates-as-required wpcf7-text wpcf7-validates-as-email\" aria-required=\"true\" aria-invalid=\"false\" value=\"\" type=\"email\" name=\"your-email\" \/><\/span> <\/label>\n<\/p>\n<p><label> What do you need? *<br \/>\n<span class=\"wpcf7-form-control-wrap\" data-name=\"your-subject\"><input size=\"40\" maxlength=\"400\" class=\"wpcf7-form-control wpcf7-text wpcf7-validates-as-required\" aria-required=\"true\" aria-invalid=\"false\" value=\"\" type=\"text\" name=\"your-subject\" \/><\/span> <\/label>\n<\/p>\n<p><label> What is you message?<br \/>\n<span class=\"wpcf7-form-control-wrap\" data-name=\"your-message\"><textarea cols=\"40\" rows=\"10\" maxlength=\"2000\" class=\"wpcf7-form-control wpcf7-textarea\" aria-invalid=\"false\" name=\"your-message\"><\/textarea><\/span> <\/label>\n<\/p>\n<p><input class=\"wpcf7-form-control wpcf7-submit has-spinner\" type=\"submit\" value=\"Envoyer\" \/>\n<\/p><div class=\"wpcf7-response-output\" aria-hidden=\"true\"><\/div>\n<\/form>\n<\/div>\n[vc_column_text text_style=&#8221;leader-text&#8221;]If you wish to be removed from our list of people in need, you can send an email to contact@egliseduplateau.fr to request it.[\/vc_column_text]<div class=\"eut-element eut-divider eut-animated-item eut-fade-in-right eut-duration-normal eut-align-left\" style=\"padding-top: 30px;padding-bottom: 36px;\" data-delay=\"400\"><span class=\"eut-custom-divider eut-bg-primary-1\" style=\"width: 96px;height: 2px;\"><\/span><\/div>[\/vc_column][\/vc_row][vc_row disable_element=&#8221;yes&#8221; bg_type=&#8221;image&#8221; bg_image=&#8221;1836&#8243; bg_image_type=&#8221;parallax&#8221; color_overlay=&#8221;primary-1&#8243; opacity_overlay=&#8221;50&#8243; padding_top_multiplier=&#8221;&#8221; padding_bottom_multiplier=&#8221;&#8221;][vc_column]<div class=\"eut-empty-space eut-height-3x\" style=\"\"><\/div>[vc_row_inner][vc_column_inner width=&#8221;1\/4&#8243;][\/vc_column_inner][vc_column_inner width=&#8221;1\/2&#8243;][vc_column_text]<\/p>\n<h4 style=\"text-align: center;\"><span style=\"color: #ffffff;\"><strong>C\u00e9l\u00e9bration XL \u00e0 11h00\u00a0<\/strong><\/span><\/h4>\n<p style=\"text-align: center;\"><span style=\"font-weight: 400; color: #ffffff;\">\u00c0 l\u2019\u00c9glise Vie et Paix \u00e0 Orsay, au 14 Rue Charles de Gaulle.<\/span><\/p>\n<p style=\"text-align: center;\"><span style=\"font-weight: 400;\"><span style=\"color: #ffffff;\">L\u2019accueil est \u00e0 10h30 et la c\u00e9l\u00e9bration est de 11h00 \u00e0 12h00.<\/span> <\/span><\/p>\n<p>[\/vc_column_text][\/vc_column_inner][vc_column_inner width=&#8221;1\/4&#8243;][\/vc_column_inner][\/vc_row_inner]<div class=\"eut-empty-space eut-height-3x\" style=\"\"><\/div>[\/vc_column][\/vc_row][vc_row padding_top_multiplier=&#8221;&#8221; padding_bottom_multiplier=&#8221;&#8221;][vc_column]<div class=\"eut-element eut-divider\" style=\"\"><div class=\"eut-line-divider eut-border\"><\/div><\/div><div class=\"eut-empty-space eut-height-3x\" style=\"\"><\/div>[\/vc_column][\/vc_row][vc_row disable_element=&#8221;yes&#8221;][vc_column width=&#8221;1\/4&#8243;][\/vc_column][vc_column width=&#8221;1\/4&#8243;]<div class=\"eut-element eut-align-left\"><a href=\"https:\/\/www.facebook.com\/EgliseDuPlateauDeSaclay\/about\/?ref=page_internal\" class=\"eut-btn eut-btn-small eut-square eut-bg-black eut-bg-hover-black eut-btn-line\"><span><i class=\"fab fa-facebook-f\"><\/i>Facebook<\/span><\/a><\/div>[\/vc_column][vc_column width=&#8221;1\/4&#8243;]<div class=\"eut-element eut-align-left\"><a href=\"https:\/\/www.instagram.com\/egliseduplateaudesaclay\/\" class=\"eut-btn eut-btn-small eut-square eut-bg-black eut-bg-hover-black eut-btn-line\"><span><i class=\"fab fa-instagram\"><\/i>Insagram<\/span><\/a><\/div>[\/vc_column][vc_column width=&#8221;1\/4&#8243;][\/vc_column][\/vc_row]<\/p>\n","protected":false},"excerpt":{"rendered":"<p>Far far away, behind the word mountains, far from the countries Vokalia and Consonantia, there live the blind texts. Separated they live in Bookmarksgrove right at the coast of the Semantics, a large language ocean. A small river named.<\/p>\n","protected":false},"author":1,"featured_media":2240,"parent":0,"menu_order":0,"comment_status":"closed","ping_status":"closed","template":"","meta":{"kk_blocks_editor_width":"","_kiokenblocks_attr":"","_kiokenblocks_dimensions":"","footnotes":""},"class_list":["post-2239","page","type-page","status-publish","has-post-thumbnail","hentry"],"yoast_head":"<!-- This site is optimized with the Yoast SEO plugin v26.6 - https:\/\/yoast.com\/wordpress\/plugins\/seo\/ -->\n<title>Nous contacter - Eglise du Plateau<\/title>\n<meta name=\"description\" content=\"Vous souhaitez en savoir plus sur l&#039;Eglise Evang\u00e9lique du Plateau de Saclay ? Vous avez une question ou besoin d&#039;aide ? N&#039;h\u00e9sitez-pas \u00e0 nous contacter\" \/>\n<meta name=\"robots\" content=\"index, follow, max-snippet:-1, max-image-preview:large, max-video-preview:-1\" \/>\n<link rel=\"canonical\" href=\"https:\/\/egliseduplateau.fr\/nous-contacter\" \/>\n<meta property=\"og:locale\" content=\"en_US\" \/>\n<meta property=\"og:type\" content=\"article\" \/>\n<meta property=\"og:title\" content=\"Nous contacter - Eglise du Plateau\" \/>\n<meta property=\"og:description\" content=\"Vous souhaitez en savoir plus sur l&#039;Eglise Evang\u00e9lique du Plateau de Saclay ? Vous avez une question ou besoin d&#039;aide ? N&#039;h\u00e9sitez-pas \u00e0 nous contacter\" \/>\n<meta property=\"og:url\" content=\"https:\/\/egliseduplateau.fr\/nous-contacter\" \/>\n<meta property=\"og:site_name\" content=\"Eglise du Plateau\" \/>\n<meta property=\"article:modified_time\" content=\"2024-12-01T08:34:01+00:00\" \/>\n<meta property=\"og:image\" content=\"https:\/\/egliseduplateau.fr\/wp-content\/uploads\/2021\/03\/Banniere-contacter.jpg\" \/>\n\t<meta property=\"og:image:width\" content=\"1612\" \/>\n\t<meta property=\"og:image:height\" content=\"500\" \/>\n\t<meta property=\"og:image:type\" content=\"image\/jpeg\" \/>\n<meta name=\"twitter:card\" content=\"summary_large_image\" \/>\n<meta name=\"twitter:label1\" content=\"Est. reading time\" \/>\n\t<meta name=\"twitter:data1\" content=\"2 minutes\" \/>\n<script type=\"application\/ld+json\" class=\"yoast-schema-graph\">{\"@context\":\"https:\/\/schema.org\",\"@graph\":[{\"@type\":\"WebPage\",\"@id\":\"https:\/\/egliseduplateau.fr\/nous-contacter\",\"url\":\"https:\/\/egliseduplateau.fr\/nous-contacter\",\"name\":\"Nous contacter - Eglise du Plateau\",\"isPartOf\":{\"@id\":\"https:\/\/egliseduplateau.fr\/#website\"},\"primaryImageOfPage\":{\"@id\":\"https:\/\/egliseduplateau.fr\/nous-contacter#primaryimage\"},\"image\":{\"@id\":\"https:\/\/egliseduplateau.fr\/nous-contacter#primaryimage\"},\"thumbnailUrl\":\"https:\/\/egliseduplateau.fr\/wp-content\/uploads\/2021\/03\/Banniere-contacter.jpg\",\"datePublished\":\"2021-03-13T00:04:06+00:00\",\"dateModified\":\"2024-12-01T08:34:01+00:00\",\"description\":\"Vous souhaitez en savoir plus sur l'Eglise Evang\u00e9lique du Plateau de Saclay ? Vous avez une question ou besoin d'aide ? N'h\u00e9sitez-pas \u00e0 nous contacter\",\"breadcrumb\":{\"@id\":\"https:\/\/egliseduplateau.fr\/nous-contacter#breadcrumb\"},\"inLanguage\":\"en-US\",\"potentialAction\":[{\"@type\":\"ReadAction\",\"target\":[\"https:\/\/egliseduplateau.fr\/nous-contacter\"]}]},{\"@type\":\"ImageObject\",\"inLanguage\":\"en-US\",\"@id\":\"https:\/\/egliseduplateau.fr\/nous-contacter#primaryimage\",\"url\":\"https:\/\/egliseduplateau.fr\/wp-content\/uploads\/2021\/03\/Banniere-contacter.jpg\",\"contentUrl\":\"https:\/\/egliseduplateau.fr\/wp-content\/uploads\/2021\/03\/Banniere-contacter.jpg\",\"width\":1612,\"height\":500},{\"@type\":\"BreadcrumbList\",\"@id\":\"https:\/\/egliseduplateau.fr\/nous-contacter#breadcrumb\",\"itemListElement\":[{\"@type\":\"ListItem\",\"position\":1,\"name\":\"Accueil\",\"item\":\"https:\/\/egliseduplateau.fr\/\"},{\"@type\":\"ListItem\",\"position\":2,\"name\":\"Nous contacter\"}]},{\"@type\":\"WebSite\",\"@id\":\"https:\/\/egliseduplateau.fr\/#website\",\"url\":\"https:\/\/egliseduplateau.fr\/\",\"name\":\"Eglise du Plateau\",\"description\":\"Une communaut\u00e9 transform\u00e9e pour le plateau de Saclay\",\"potentialAction\":[{\"@type\":\"SearchAction\",\"target\":{\"@type\":\"EntryPoint\",\"urlTemplate\":\"https:\/\/egliseduplateau.fr\/?s={search_term_string}\"},\"query-input\":{\"@type\":\"PropertyValueSpecification\",\"valueRequired\":true,\"valueName\":\"search_term_string\"}}],\"inLanguage\":\"en-US\"}]}<\/script>\n<!-- \/ Yoast SEO plugin. -->","yoast_head_json":{"title":"Nous contacter - Eglise du Plateau","description":"Vous souhaitez en savoir plus sur l'Eglise Evang\u00e9lique du Plateau de Saclay ? Vous avez une question ou besoin d'aide ? N'h\u00e9sitez-pas \u00e0 nous contacter","robots":{"index":"index","follow":"follow","max-snippet":"max-snippet:-1","max-image-preview":"max-image-preview:large","max-video-preview":"max-video-preview:-1"},"canonical":"https:\/\/egliseduplateau.fr\/nous-contacter","og_locale":"en_US","og_type":"article","og_title":"Nous contacter - Eglise du Plateau","og_description":"Vous souhaitez en savoir plus sur l'Eglise Evang\u00e9lique du Plateau de Saclay ? Vous avez une question ou besoin d'aide ? N'h\u00e9sitez-pas \u00e0 nous contacter","og_url":"https:\/\/egliseduplateau.fr\/nous-contacter","og_site_name":"Eglise du Plateau","article_modified_time":"2024-12-01T08:34:01+00:00","og_image":[{"width":1612,"height":500,"url":"https:\/\/egliseduplateau.fr\/wp-content\/uploads\/2021\/03\/Banniere-contacter.jpg","type":"image\/jpeg"}],"twitter_card":"summary_large_image","twitter_misc":{"Est. reading time":"2 minutes"},"schema":{"@context":"https:\/\/schema.org","@graph":[{"@type":"WebPage","@id":"https:\/\/egliseduplateau.fr\/nous-contacter","url":"https:\/\/egliseduplateau.fr\/nous-contacter","name":"Nous contacter - Eglise du Plateau","isPartOf":{"@id":"https:\/\/egliseduplateau.fr\/#website"},"primaryImageOfPage":{"@id":"https:\/\/egliseduplateau.fr\/nous-contacter#primaryimage"},"image":{"@id":"https:\/\/egliseduplateau.fr\/nous-contacter#primaryimage"},"thumbnailUrl":"https:\/\/egliseduplateau.fr\/wp-content\/uploads\/2021\/03\/Banniere-contacter.jpg","datePublished":"2021-03-13T00:04:06+00:00","dateModified":"2024-12-01T08:34:01+00:00","description":"Vous souhaitez en savoir plus sur l'Eglise Evang\u00e9lique du Plateau de Saclay ? Vous avez une question ou besoin d'aide ? N'h\u00e9sitez-pas \u00e0 nous contacter","breadcrumb":{"@id":"https:\/\/egliseduplateau.fr\/nous-contacter#breadcrumb"},"inLanguage":"en-US","potentialAction":[{"@type":"ReadAction","target":["https:\/\/egliseduplateau.fr\/nous-contacter"]}]},{"@type":"ImageObject","inLanguage":"en-US","@id":"https:\/\/egliseduplateau.fr\/nous-contacter#primaryimage","url":"https:\/\/egliseduplateau.fr\/wp-content\/uploads\/2021\/03\/Banniere-contacter.jpg","contentUrl":"https:\/\/egliseduplateau.fr\/wp-content\/uploads\/2021\/03\/Banniere-contacter.jpg","width":1612,"height":500},{"@type":"BreadcrumbList","@id":"https:\/\/egliseduplateau.fr\/nous-contacter#breadcrumb","itemListElement":[{"@type":"ListItem","position":1,"name":"Accueil","item":"https:\/\/egliseduplateau.fr\/"},{"@type":"ListItem","position":2,"name":"Nous contacter"}]},{"@type":"WebSite","@id":"https:\/\/egliseduplateau.fr\/#website","url":"https:\/\/egliseduplateau.fr\/","name":"Eglise du Plateau","description":"Une communaut\u00e9 transform\u00e9e pour le plateau de Saclay","potentialAction":[{"@type":"SearchAction","target":{"@type":"EntryPoint","urlTemplate":"https:\/\/egliseduplateau.fr\/?s={search_term_string}"},"query-input":{"@type":"PropertyValueSpecification","valueRequired":true,"valueName":"search_term_string"}}],"inLanguage":"en-US"}]}},"_links":{"self":[{"href":"https:\/\/egliseduplateau.fr\/en\/wp-json\/wp\/v2\/pages\/2239","targetHints":{"allow":["GET"]}}],"collection":[{"href":"https:\/\/egliseduplateau.fr\/en\/wp-json\/wp\/v2\/pages"}],"about":[{"href":"https:\/\/egliseduplateau.fr\/en\/wp-json\/wp\/v2\/types\/page"}],"author":[{"embeddable":true,"href":"https:\/\/egliseduplateau.fr\/en\/wp-json\/wp\/v2\/users\/1"}],"replies":[{"embeddable":true,"href":"https:\/\/egliseduplateau.fr\/en\/wp-json\/wp\/v2\/comments?post=2239"}],"version-history":[{"count":4,"href":"https:\/\/egliseduplateau.fr\/en\/wp-json\/wp\/v2\/pages\/2239\/revisions"}],"predecessor-version":[{"id":2551,"href":"https:\/\/egliseduplateau.fr\/en\/wp-json\/wp\/v2\/pages\/2239\/revisions\/2551"}],"wp:featuredmedia":[{"embeddable":true,"href":"https:\/\/egliseduplateau.fr\/en\/wp-json\/wp\/v2\/media\/2240"}],"wp:attachment":[{"href":"https:\/\/egliseduplateau.fr\/en\/wp-json\/wp\/v2\/media?parent=2239"}],"curies":[{"name":"wp","href":"https:\/\/api.w.org\/{rel}","templated":true}]}}