{"id":2229,"date":"2016-11-27T14:49:00","date_gmt":"2016-11-27T14:49:00","guid":{"rendered":"https:\/\/egliseduplateau.fr\/home"},"modified":"2024-03-15T16:41:03","modified_gmt":"2024-03-15T16:41:03","slug":"home","status":"publish","type":"page","link":"https:\/\/egliseduplateau.fr\/en","title":{"rendered":"Accueil"},"content":{"rendered":"<p>[vc_row bg_type=&#8221;video&#8221; bg_video_url=&#8221;https:\/\/www.youtube.com\/watch?v=Udxv3-LYfpA&#8221; bg_video_button=&#8221;&#8221; bg_image=&#8221;1724&#8243; padding_top_multiplier=&#8221;&#8221; padding_bottom_multiplier=&#8221;&#8221; columns_gap=&#8221;none&#8221;][vc_column]<div class=\"eut-empty-space eut-height-6x\" style=\"\"><\/div>[vc_column_text text_style=&#8221;leader-text&#8221;]<\/p>\n<p style=\"text-align: center;\"><strong><span style=\"color: #ffffff;\">Welcome to Eglise du Plateau de Saclay<\/span><\/strong><\/p>\n<p>[\/vc_column_text]<h3 class=\"eut-element eut-typed-text eut-align-center eut-h3\" style=\"\">    <span class=\"eut-typed-text-prefix\"> <\/span>    <span class=\"eut-animated-text eut-text-primary-1\">    \t<span id=\"eut-typed-item-69e8dacfe336c\"><\/span>    <\/span>    <span class=\"eut-typed-text-suffix\"> <\/span><script type=\"text\/javascript\">\r\n\t\t\t\tjQuery(function($){ $(\"#eut-typed-item-69e8dacfe336c\").appear(function() {\r\n\t\t\t\t\t$(\"#eut-typed-item-69e8dacfe336c\").typed({\r\n\t\t\t\t\t\tstrings: [\"A transformed community for...\",\"Equip\",\"Build\",\"Love\"],\r\n\t\t\t\t\t\ttypeSpeed: 100,\r\n\t\t\t\t\t\tbackSpeed: 80,\r\n\t\t\t\t\t\tstartDelay: 0,\r\n\t\t\t\t\t\tbackDelay: 500,\r\n\t\t\t\t\t\tloop: true,\r\n\t\t\t\t\t\tloopCount: false,\r\n\t\t\t\t\t\tshowCursor: true,\r\n\t\t\t\t\t\tcursorChar: \"|\",\r\n\t\t\t\t\t\tcontentType: null,\r\n\t\t\t\t\t\tattr: null\r\n\t\t\t\t\t});\r\n\t\t\t\t});\r\n\t\t\t});\r\n\t\t<\/script><\/h3><div class=\"eut-empty-space eut-height-6x\" style=\"\"><\/div>[\/vc_column][\/vc_row][vc_row padding_top_multiplier=&#8221;2x&#8221; padding_bottom_multiplier=&#8221;2x&#8221;][vc_column width=&#8221;5\/12&#8243; tablet_sm_width=&#8221;1&#8243;]<div class=\"eut-element eut-image eut-animated-item eut-fade-in eut-duration-fast eut-align-center\" style=\"\" data-delay=\"200\">  <div class=\"eut-image-wrapper\"><img loading=\"lazy\" decoding=\"async\" width=\"276\" height=\"150\" src=\"https:\/\/egliseduplateau.fr\/wp-content\/uploads\/2021\/05\/logo-complet.png\" class=\"attachment-full size-full\" alt=\"\" srcset=\"https:\/\/egliseduplateau.fr\/wp-content\/uploads\/2021\/05\/logo-complet.png 1x,https:\/\/egliseduplateau.fr\/wp-content\/uploads\/2021\/05\/logo-complet.png 2x\" \/>   <\/div><\/div><div class=\"eut-empty-space eut-height-1x\" style=\"\"><\/div>[\/vc_column][vc_column width=&#8221;7\/12&#8243; tablet_sm_width=&#8221;1&#8243;][vc_column_text text_style=&#8221;leader-text&#8221;]We are a Church for the Plateau de Saclay. By living and sharing the Good News of Jesus-Christ, we want to be a blessing for this fast growing urban campus in the greater Paris area.[\/vc_column_text]<div class=\"eut-element eut-divider eut-animated-item eut-fade-in-right eut-duration-normal eut-align-left\" style=\"padding-top: 30px;padding-bottom: 36px;\" data-delay=\"400\"><span class=\"eut-custom-divider eut-bg-primary-1\" style=\"width: 96px;height: 2px;\"><\/span><\/div>[\/vc_column][\/vc_row][vc_row section_type=&#8221;fullwidth&#8221; padding_top_multiplier=&#8221;&#8221; padding_bottom_multiplier=&#8221;&#8221; columns_gap=&#8221;none&#8221;][vc_column]<div class=\"eut-element eut-image eut-align-center\" style=\"\">  <div class=\"eut-image-wrapper\"><img loading=\"lazy\" decoding=\"async\" width=\"1319\" height=\"399\" src=\"https:\/\/egliseduplateau.fr\/wp-content\/uploads\/2024\/03\/banniere-site.png\" class=\"attachment-full size-full\" alt=\"\" srcset=\"https:\/\/egliseduplateau.fr\/wp-content\/uploads\/2024\/03\/banniere-site.png 1319w, https:\/\/egliseduplateau.fr\/wp-content\/uploads\/2024\/03\/banniere-site-510x154.png 510w, https:\/\/egliseduplateau.fr\/wp-content\/uploads\/2024\/03\/banniere-site-900x272.png 900w, https:\/\/egliseduplateau.fr\/wp-content\/uploads\/2024\/03\/banniere-site-768x232.png 768w\" sizes=\"auto, (max-width: 1319px) 100vw, 1319px\" \/>   <\/div><\/div>[\/vc_column][\/vc_row][vc_row padding_top_multiplier=&#8221;2x&#8221; padding_bottom_multiplier=&#8221;2x&#8221;][vc_column width=&#8221;5\/12&#8243; tablet_sm_width=&#8221;1&#8243;]<h2 class=\"eut-element eut-title eut-align-left eut-h2\" style=\"\"><span><strong>When and where? <\/strong><\/span><\/h2><div class=\"eut-empty-space eut-height-1x\" style=\"\"><\/div>[\/vc_column][vc_column width=&#8221;7\/12&#8243; tablet_sm_width=&#8221;1&#8243;][vc_column_text text_style=&#8221;leader-text&#8221;]<strong>Worship Service <\/strong><b>:\u00a0<\/b>we meet every Sunday at 10am for our worship service. In this location 12 Rue Francis Perrin, Gif-sur-Yvette<\/p>\n<p><strong>Meetup groups :\u00a0<\/strong>we also have small groups where we eat, learn and pray together. There is probably a Meetup near your place, and we even have one in English, so please contact us to get more detailed information about our Meetup groups.[\/vc_column_text]<div class=\"eut-element eut-divider eut-animated-item eut-fade-in-right eut-duration-normal eut-align-left\" style=\"padding-top: 30px;padding-bottom: 36px;\" data-delay=\"400\"><span class=\"eut-custom-divider eut-bg-primary-1\" style=\"width: 96px;height: 2px;\"><\/span><\/div>[\/vc_column][\/vc_row][vc_row bg_type=&#8221;gradient&#8221; bg_gradient_color_1=&#8221;rgba(211,2,99,0.9)&#8221; bg_gradient_color_2=&#8221;rgba(12,61,124,0.9)&#8221;][vc_column]<div class=\"eut-empty-space eut-height-1x\" style=\"\"><\/div>[vc_column_text]<\/p>\n<h4 style=\"text-align: center;\"><span style=\"color: #ffffff;\"><strong>Worship Service Every Sunday at 10 am<\/strong><\/span><\/h4>\n<h4 style=\"text-align: center;\"><span style=\"color: #ffffff;\"><strong>At quartier du Moulon<\/strong><\/span><\/h4>\n<p style=\"text-align: center;\"><span style=\"font-weight: 400; color: #ffffff;\">12 Rue Francis Perrin, Gif-sur-Yvette<\/span><\/p>\n<p>[\/vc_column_text]<div class=\"eut-empty-space eut-height-1x\" style=\"\"><\/div>[\/vc_column][\/vc_row][vc_row padding_top_multiplier=&#8221;&#8221; padding_bottom_multiplier=&#8221;&#8221;][vc_column]<div class=\"eut-element eut-divider\" style=\"\"><div class=\"eut-line-divider eut-border\"><\/div><\/div>[\/vc_column][\/vc_row][vc_row bg_type=&#8221;color&#8221; padding_top_multiplier=&#8221;2x&#8221; padding_bottom_multiplier=&#8221;2x&#8221; bg_color=&#8221;#ffffff&#8221; font_color=&#8221;#282828&#8243;][vc_column width=&#8221;1\/4&#8243;][\/vc_column][vc_column width=&#8221;1\/2&#8243; text_align=&#8221;center&#8221;][vc_column_text text_style=&#8221;leader-text&#8221;]<\/p>\n<h4 style=\"text-align: center;\"><span style=\"color: #333333;\">You have a question? <\/span><\/h4>\n<h4 style=\"text-align: center;\"><span style=\"color: #333333;\">Please contact us.\u00a0<\/span><\/h4>\n<p>[\/vc_column_text]<div class=\"eut-element eut-align-center\"><a href=\"http:\/\/egliseduplateau.fr\/en\/nous-contacter\" title=\"Demande d\u2019aide\" class=\"eut-btn eut-btn-small eut-square eut-bg-black eut-bg-hover-grey eut-btn-line\"><span>Contact us<\/span><\/a><\/div>[\/vc_column][vc_column width=&#8221;1\/4&#8243;][\/vc_column][\/vc_row][vc_row][vc_column]<div class=\"eut-empty-space eut-height-1x\" style=\"\"><\/div><div class=\"eut-element eut-divider\" style=\"\"><div class=\"eut-line-divider eut-border\"><\/div><\/div>[\/vc_column][\/vc_row][vc_row section_type=&#8221;fullwidth&#8221;][vc_column vertical_content_position=&#8221;middle&#8221; width=&#8221;1\/3&#8243; tablet_text_align=&#8221;center&#8221; tablet_sm_text_align=&#8221;center&#8221; mobile_text_align=&#8221;center&#8221; text_align=&#8221;center&#8221;]<div class=\"eut-element eut-align-center\"><a href=\"https:\/\/www.facebook.com\/EgliseDuPlateauDeSaclay\/about\/?ref=page_internal\" class=\"eut-btn eut-btn-small eut-square eut-bg-black eut-bg-hover-black eut-btn-line\"><span><i class=\"fab fa-facebook-f\"><\/i>Facebook<\/span><\/a><\/div>[\/vc_column][vc_column vertical_content_position=&#8221;middle&#8221; width=&#8221;1\/3&#8243; text_align=&#8221;center&#8221;]<div class=\"eut-element eut-align-center\"><a href=\"https:\/\/www.instagram.com\/egliseduplateaudesaclay\/\" class=\"eut-btn eut-btn-small eut-square eut-bg-black eut-bg-hover-black eut-btn-line\"><span><i class=\"fab fa-instagram\"><\/i>Instagram<\/span><\/a><\/div>[\/vc_column][vc_column width=&#8221;1\/3&#8243;]<div class=\"eut-element eut-align-center\"><a href=\"https:\/\/egliseduplateau.fr\/faire-un-don\" title=\"Faire un don\" class=\"eut-btn eut-btn-small eut-square eut-bg-black eut-bg-hover-black eut-btn-line\"><span><i class=\"fas fa-location-arrow\"><\/i>Faire un don<\/span><\/a><\/div>[\/vc_column][\/vc_row][vc_row][vc_column][\/vc_column][\/vc_row][vc_row][vc_column][vc_column_text][\/vc_column_text][\/vc_column][\/vc_row]<\/p>\n","protected":false},"excerpt":{"rendered":"<p>Far far away, behind the word mountains, far from the countries Vokalia and Consonantia, there live the blind texts. Separated they live in Bookmarksgrove right at the coast of the Semantics, a large language ocean. A small river named.<\/p>\n","protected":false},"author":1,"featured_media":0,"parent":0,"menu_order":0,"comment_status":"closed","ping_status":"closed","template":"","meta":{"kk_blocks_editor_width":"","_kiokenblocks_attr":"","_kiokenblocks_dimensions":"","footnotes":""},"class_list":["post-2229","page","type-page","status-publish","hentry"],"yoast_head":"<!-- This site is optimized with the Yoast SEO plugin v26.6 - https:\/\/yoast.com\/wordpress\/plugins\/seo\/ -->\n<title>Accueil - Eglise du Plateau<\/title>\n<meta name=\"description\" content=\"L&#039;Eglise Evang\u00e9lique du Plateau de Saclay est l\u00e0 pour toute la population du cluster Paris-Saclay. Vous \u00eates les bienvenus ! Que vous soyez chr\u00e9tiens ou non, que vous aimiez les maths ou que vous y soyez allergiques, que vous veniez d&#039;ici ou d&#039;ailleurs...\" \/>\n<meta name=\"robots\" content=\"index, follow, max-snippet:-1, max-image-preview:large, max-video-preview:-1\" \/>\n<link rel=\"canonical\" href=\"https:\/\/egliseduplateau.fr\/\" \/>\n<meta property=\"og:locale\" content=\"en_US\" \/>\n<meta property=\"og:type\" content=\"article\" \/>\n<meta property=\"og:title\" content=\"Accueil - Eglise du Plateau\" \/>\n<meta property=\"og:description\" content=\"L&#039;Eglise Evang\u00e9lique du Plateau de Saclay est l\u00e0 pour toute la population du cluster Paris-Saclay. Vous \u00eates les bienvenus ! Que vous soyez chr\u00e9tiens ou non, que vous aimiez les maths ou que vous y soyez allergiques, que vous veniez d&#039;ici ou d&#039;ailleurs...\" \/>\n<meta property=\"og:url\" content=\"https:\/\/egliseduplateau.fr\/\" \/>\n<meta property=\"og:site_name\" content=\"Eglise du Plateau\" \/>\n<meta property=\"article:modified_time\" content=\"2024-03-15T16:41:03+00:00\" \/>\n<meta name=\"twitter:card\" content=\"summary_large_image\" \/>\n<meta name=\"twitter:label1\" content=\"Est. reading time\" \/>\n\t<meta name=\"twitter:data1\" content=\"2 minutes\" \/>\n<script type=\"application\/ld+json\" class=\"yoast-schema-graph\">{\"@context\":\"https:\/\/schema.org\",\"@graph\":[{\"@type\":\"WebPage\",\"@id\":\"https:\/\/egliseduplateau.fr\/\",\"url\":\"https:\/\/egliseduplateau.fr\/\",\"name\":\"Accueil - Eglise du Plateau\",\"isPartOf\":{\"@id\":\"https:\/\/egliseduplateau.fr\/#website\"},\"datePublished\":\"2016-11-27T14:49:00+00:00\",\"dateModified\":\"2024-03-15T16:41:03+00:00\",\"description\":\"L'Eglise Evang\u00e9lique du Plateau de Saclay est l\u00e0 pour toute la population du cluster Paris-Saclay. Vous \u00eates les bienvenus ! Que vous soyez chr\u00e9tiens ou non, que vous aimiez les maths ou que vous y soyez allergiques, que vous veniez d'ici ou d'ailleurs...\",\"breadcrumb\":{\"@id\":\"https:\/\/egliseduplateau.fr\/#breadcrumb\"},\"inLanguage\":\"en-US\",\"potentialAction\":[{\"@type\":\"ReadAction\",\"target\":[\"https:\/\/egliseduplateau.fr\/\"]}]},{\"@type\":\"BreadcrumbList\",\"@id\":\"https:\/\/egliseduplateau.fr\/#breadcrumb\",\"itemListElement\":[{\"@type\":\"ListItem\",\"position\":1,\"name\":\"Accueil\",\"item\":\"https:\/\/egliseduplateau.fr\/\"},{\"@type\":\"ListItem\",\"position\":2,\"name\":\"Accueil\"}]},{\"@type\":\"WebSite\",\"@id\":\"https:\/\/egliseduplateau.fr\/#website\",\"url\":\"https:\/\/egliseduplateau.fr\/\",\"name\":\"Eglise du Plateau\",\"description\":\"Une communaut\u00e9 transform\u00e9e pour le plateau de Saclay\",\"potentialAction\":[{\"@type\":\"SearchAction\",\"target\":{\"@type\":\"EntryPoint\",\"urlTemplate\":\"https:\/\/egliseduplateau.fr\/?s={search_term_string}\"},\"query-input\":{\"@type\":\"PropertyValueSpecification\",\"valueRequired\":true,\"valueName\":\"search_term_string\"}}],\"inLanguage\":\"en-US\"}]}<\/script>\n<!-- \/ Yoast SEO plugin. -->","yoast_head_json":{"title":"Accueil - Eglise du Plateau","description":"L'Eglise Evang\u00e9lique du Plateau de Saclay est l\u00e0 pour toute la population du cluster Paris-Saclay. Vous \u00eates les bienvenus ! Que vous soyez chr\u00e9tiens ou non, que vous aimiez les maths ou que vous y soyez allergiques, que vous veniez d'ici ou d'ailleurs...","robots":{"index":"index","follow":"follow","max-snippet":"max-snippet:-1","max-image-preview":"max-image-preview:large","max-video-preview":"max-video-preview:-1"},"canonical":"https:\/\/egliseduplateau.fr\/","og_locale":"en_US","og_type":"article","og_title":"Accueil - Eglise du Plateau","og_description":"L'Eglise Evang\u00e9lique du Plateau de Saclay est l\u00e0 pour toute la population du cluster Paris-Saclay. Vous \u00eates les bienvenus ! Que vous soyez chr\u00e9tiens ou non, que vous aimiez les maths ou que vous y soyez allergiques, que vous veniez d'ici ou d'ailleurs...","og_url":"https:\/\/egliseduplateau.fr\/","og_site_name":"Eglise du Plateau","article_modified_time":"2024-03-15T16:41:03+00:00","twitter_card":"summary_large_image","twitter_misc":{"Est. reading time":"2 minutes"},"schema":{"@context":"https:\/\/schema.org","@graph":[{"@type":"WebPage","@id":"https:\/\/egliseduplateau.fr\/","url":"https:\/\/egliseduplateau.fr\/","name":"Accueil - Eglise du Plateau","isPartOf":{"@id":"https:\/\/egliseduplateau.fr\/#website"},"datePublished":"2016-11-27T14:49:00+00:00","dateModified":"2024-03-15T16:41:03+00:00","description":"L'Eglise Evang\u00e9lique du Plateau de Saclay est l\u00e0 pour toute la population du cluster Paris-Saclay. Vous \u00eates les bienvenus ! Que vous soyez chr\u00e9tiens ou non, que vous aimiez les maths ou que vous y soyez allergiques, que vous veniez d'ici ou d'ailleurs...","breadcrumb":{"@id":"https:\/\/egliseduplateau.fr\/#breadcrumb"},"inLanguage":"en-US","potentialAction":[{"@type":"ReadAction","target":["https:\/\/egliseduplateau.fr\/"]}]},{"@type":"BreadcrumbList","@id":"https:\/\/egliseduplateau.fr\/#breadcrumb","itemListElement":[{"@type":"ListItem","position":1,"name":"Accueil","item":"https:\/\/egliseduplateau.fr\/"},{"@type":"ListItem","position":2,"name":"Accueil"}]},{"@type":"WebSite","@id":"https:\/\/egliseduplateau.fr\/#website","url":"https:\/\/egliseduplateau.fr\/","name":"Eglise du Plateau","description":"Une communaut\u00e9 transform\u00e9e pour le plateau de Saclay","potentialAction":[{"@type":"SearchAction","target":{"@type":"EntryPoint","urlTemplate":"https:\/\/egliseduplateau.fr\/?s={search_term_string}"},"query-input":{"@type":"PropertyValueSpecification","valueRequired":true,"valueName":"search_term_string"}}],"inLanguage":"en-US"}]}},"_links":{"self":[{"href":"https:\/\/egliseduplateau.fr\/en\/wp-json\/wp\/v2\/pages\/2229","targetHints":{"allow":["GET"]}}],"collection":[{"href":"https:\/\/egliseduplateau.fr\/en\/wp-json\/wp\/v2\/pages"}],"about":[{"href":"https:\/\/egliseduplateau.fr\/en\/wp-json\/wp\/v2\/types\/page"}],"author":[{"embeddable":true,"href":"https:\/\/egliseduplateau.fr\/en\/wp-json\/wp\/v2\/users\/1"}],"replies":[{"embeddable":true,"href":"https:\/\/egliseduplateau.fr\/en\/wp-json\/wp\/v2\/comments?post=2229"}],"version-history":[{"count":14,"href":"https:\/\/egliseduplateau.fr\/en\/wp-json\/wp\/v2\/pages\/2229\/revisions"}],"predecessor-version":[{"id":2508,"href":"https:\/\/egliseduplateau.fr\/en\/wp-json\/wp\/v2\/pages\/2229\/revisions\/2508"}],"wp:attachment":[{"href":"https:\/\/egliseduplateau.fr\/en\/wp-json\/wp\/v2\/media?parent=2229"}],"curies":[{"name":"wp","href":"https:\/\/api.w.org\/{rel}","templated":true}]}}